{"id":1419,"date":"2025-03-11T22:53:24","date_gmt":"2025-03-11T14:53:24","guid":{"rendered":"https:\/\/seamakes.com\/?page_id=1419"},"modified":"2025-03-11T22:59:31","modified_gmt":"2025-03-11T14:59:31","slug":"ads","status":"publish","type":"page","link":"https:\/\/seamakes.com\/vn\/ads\/","title":{"rendered":"Gi\u1edbi thi\u1ec7u d\u1ecbch v\u1ee5 qu\u1ea3n l\u00fd qu\u1ea3ng c\u00e1o c\u1ee7a Google &amp; Facebook"},"content":{"rendered":"<p>Ch\u00fang t\u00f4i chuy\u00ean cung c\u1ea5p <strong><a href=\"https:\/\/ads.google.com\/\" target=\"_blank\" rel=\"noreferrer noopener\">Qu\u1ea3ng c\u00e1o Google<\/a><\/strong> V\u00e0 <strong><a href=\"https:\/\/www.facebook.com\/business\/\" target=\"_blank\" rel=\"noreferrer noopener\">Facebook<\/a><\/strong> d\u1ecbch v\u1ee5 qu\u1ea3n l\u00fd qu\u1ea3ng c\u00e1o cho c\u00e1c c\u00f4ng ty, gi\u00fap b\u1ea1n ti\u1ebfp c\u1eadn ch\u00ednh x\u00e1c kh\u00e1ch h\u00e0ng m\u1ee5c ti\u00eau, t\u0103ng c\u01b0\u1eddng s\u1ef1 nh\u1eadn di\u1ec7n c\u1ee7a th\u01b0\u01a1ng hi\u1ec7u v\u00e0 th\u00fac \u0111\u1ea9y chuy\u1ec3n \u0111\u1ed5i b\u00e1n h\u00e0ng. V\u1edbi nhi\u1ec1u n\u0103m kinh nghi\u1ec7m ti\u1ebfp th\u1ecb xuy\u00ean bi\u00ean gi\u1edbi, ch\u00fang t\u00f4i cung c\u1ea5p c\u00e1c gi\u1ea3i ph\u00e1p to\u00e0n di\u1ec7n t\u1eeb thi\u1ebft l\u1eadp t\u00e0i kho\u1ea3n, \u0111\u1eb7t qu\u1ea3ng c\u00e1o, theo d\u00f5i hi\u1ec7u su\u1ea5t \u0111\u1ebfn t\u1ed1i \u01b0u h\u00f3a d\u1eef li\u1ec7u, \u0111\u1ea3m b\u1ea3o chi ti\u00eau qu\u1ea3ng c\u00e1o c\u1ee7a b\u1ea1n \u0111\u1ea1t \u0111\u01b0\u1ee3c <strong>ROI cao h\u01a1n<\/strong>.<\/p>\n\n\n\n<h3 class=\"wp-block-heading\">\ud83c\udfaf D\u1ecbch v\u1ee5 c\u1ee7a ch\u00fang t\u00f4i<\/h3>\n\n\n\n<p>\u2705 <strong>Thi\u1ebft l\u1eadp &amp; T\u1ed1i \u01b0u h\u00f3a T\u00e0i kho\u1ea3n<\/strong><\/p>\n\n\n\n<ul class=\"wp-block-list\">\n<li>T\u1ea1o v\u00e0 qu\u1ea3n l\u00fd t\u00e0i kho\u1ea3n qu\u1ea3ng c\u00e1o Google\/Facebook<\/li>\n\n\n\n<li>Nghi\u00ean c\u1ee9u t\u1eeb kh\u00f3a, thi\u1ebft k\u1ebf qu\u1ea3ng c\u00e1o s\u00e1ng t\u1ea1o v\u00e0 t\u1ed1i \u01b0u h\u00f3a trang \u0111\u00edch<\/li>\n<\/ul>\n\n\n\n<p>\u2705 <strong>Tri\u1ec3n khai v\u00e0 qu\u1ea3n l\u00fd qu\u1ea3ng c\u00e1o<\/strong><\/p>\n\n\n\n<ul class=\"wp-block-list\">\n<li>X\u00e1c \u0111\u1ecbnh th\u1ecb tr\u01b0\u1eddng ch\u00ednh x\u00e1c, x\u00e2y d\u1ef1ng chi\u1ebfn l\u01b0\u1ee3c qu\u1ea3ng c\u00e1o<\/li>\n\n\n\n<li>Th\u1ef1c hi\u1ec7n qu\u1ea3ng c\u00e1o t\u00ecm ki\u1ebfm, qu\u1ea3ng c\u00e1o hi\u1ec3n th\u1ecb, qu\u1ea3ng c\u00e1o t\u00e1i ti\u1ebfp th\u1ecb v\u00e0 qu\u1ea3ng c\u00e1o video<\/li>\n<\/ul>\n\n\n\n<p>\u2705 <strong>Ph\u00e2n t\u00edch d\u1eef li\u1ec7u v\u00e0 theo d\u00f5i hi\u1ec7u su\u1ea5t<\/strong><\/p>\n\n\n\n<ul class=\"wp-block-list\">\n<li>B\u00e1o c\u00e1o hi\u1ec7u su\u1ea5t h\u00e0ng tu\u1ea7n\/h\u00e0ng th\u00e1ng<\/li>\n\n\n\n<li>Theo d\u00f5i chuy\u1ec3n \u0111\u1ed5i, th\u1eed nghi\u1ec7m A\/B v\u00e0 t\u1ed1i \u01b0u h\u00f3a li\u00ean t\u1ee5c<\/li>\n<\/ul>\n\n\n\n<p>\u2705 <strong>Tu\u00e2n th\u1ee7 ch\u00ednh s\u00e1ch &amp; H\u1ed7 tr\u1ee3<\/strong><\/p>\n\n\n\n<ul class=\"wp-block-list\">\n<li>\u0110\u1ea3m b\u1ea3o tu\u00e2n th\u1ee7 ch\u00ednh s\u00e1ch qu\u1ea3ng c\u00e1o c\u1ee7a Google\/Facebook<\/li>\n\n\n\n<li>H\u1ed7 tr\u1ee3 x\u1eed l\u00fd \u0111\u00e1nh gi\u00e1 qu\u1ea3ng c\u00e1o v\u00e0 gi\u1ea3i quy\u1ebft c\u00e1c vi ph\u1ea1m ch\u00ednh s\u00e1ch<\/li>\n<\/ul>\n\n\n\n<h3 class=\"wp-block-heading\">\ud83d\udcbc M\u00f4 h\u00ecnh \u0111\u1ecbnh gi\u00e1<\/h3>\n\n\n\n<p>Ch\u00fang t\u00f4i cung c\u1ea5p c\u00e1c m\u00f4 h\u00ecnh \u0111\u1ecbnh gi\u00e1 linh ho\u1ea1t ph\u00f9 h\u1ee3p v\u1edbi c\u00e1c nhu c\u1ea7u kinh doanh v\u00e0 ng\u00e2n s\u00e1ch kh\u00e1c nhau:<\/p>\n\n\n\n<h3 class=\"wp-block-heading\">1\ufe0f\u20e3 M\u00f4 h\u00ecnh d\u1ef1a tr\u00ean ph\u1ea7n tr\u0103m<\/h3>\n\n\n\n<p>L\u00fd t\u01b0\u1edfng cho kh\u00e1ch h\u00e0ng c\u00f3 ng\u00e2n s\u00e1ch qu\u1ea3ng c\u00e1o l\u1edbn. Ph\u00ed d\u1ecbch v\u1ee5 \u0111\u01b0\u1ee3c t\u00ednh theo t\u1ef7 l\u1ec7 ph\u1ea7n tr\u0103m chi ti\u00eau cho qu\u1ea3ng c\u00e1o.<\/p>\n\n\n\n<figure class=\"wp-block-table\"><table class=\"has-fixed-layout\"><tbody><tr><th><strong>Ng\u00e2n s\u00e1ch qu\u1ea3ng c\u00e1o<\/strong><\/th><th><strong>T\u1ef7 l\u1ec7 ph\u00ed d\u1ecbch v\u1ee5<\/strong><\/th><\/tr><tr><td>$1.000 \u2013 $10.000\/th\u00e1ng<\/td><td><strong>15%<\/strong><\/td><\/tr><tr><td>$10.000 \u2013 $50.000\/th\u00e1ng<\/td><td><strong>10%<\/strong><\/td><\/tr><tr><td>Tr\u00ean $50.000\/th\u00e1ng<\/td><td><strong>5%-8% (c\u00f3 th\u1ec3 th\u01b0\u01a1ng l\u01b0\u1ee3ng)<\/strong><\/td><\/tr><\/tbody><\/table><\/figure>\n\n\n\n<p>\ud83d\udccc <strong>V\u00ed d\u1ee5<\/strong>:V\u1edbi ng\u00e2n s\u00e1ch qu\u1ea3ng c\u00e1o l\u00e0 $10.000, ph\u00ed d\u1ecbch v\u1ee5 t\u1ea1i 15% l\u00e0 $1.500, t\u1ed5ng chi ph\u00ed l\u00e0 $11.500.<\/p>\n\n\n\n<h3 class=\"wp-block-heading\">2\ufe0f\u20e3 M\u00f4 h\u00ecnh ph\u00ed c\u1ed1 \u0111\u1ecbnh<\/h3>\n\n\n\n<p>L\u00fd t\u01b0\u1edfng cho ng\u00e2n s\u00e1ch nh\u1ecf h\u01a1n ho\u1eb7c qu\u1ea3n l\u00fd qu\u1ea3ng c\u00e1o d\u00e0i h\u1ea1n. Ch\u00fang t\u00f4i t\u00ednh ph\u00ed c\u1ed1 \u0111\u1ecbnh h\u00e0ng th\u00e1ng ho\u1eb7c h\u00e0ng qu\u00fd \u0111\u1ec3 \u0111\u1ea3m b\u1ea3o ho\u1ea1t \u0111\u1ed9ng qu\u1ea3ng c\u00e1o nh\u1ea5t qu\u00e1n.<\/p>\n\n\n\n<figure class=\"wp-block-table\"><table class=\"has-fixed-layout\"><tbody><tr><td><strong>Ng\u00e2n s\u00e1ch qu\u1ea3ng c\u00e1o<\/strong><\/td><td><strong>Ph\u00ed d\u1ecbch v\u1ee5<\/strong><\/td><\/tr><tr><td>$1.000 \u2013 $5.000\/th\u00e1ng<\/td><td>$500\/th\u00e1ng<\/td><\/tr><tr><td>$5.000 \u2013 $20.000\/th\u00e1ng<\/td><td>$800\/th\u00e1ng<\/td><\/tr><tr><td>$20.000 \u2013 $50.000\/th\u00e1ng<\/td><td>$1.500\/th\u00e1ng<\/td><\/tr><\/tbody><\/table><\/figure>\n\n\n\n<p>\ud83d\udccc <strong>T\u1ed1t nh\u1ea5t cho<\/strong>: Doanh nghi\u1ec7p nh\u1ecf, th\u1eed nghi\u1ec7m th\u1ecb tr\u01b0\u1eddng ho\u1eb7c qu\u1ea3ng b\u00e1 \u1ed5n \u0111\u1ecbnh l\u00e2u d\u00e0i.<\/p>\n\n\n\n<h3 class=\"wp-block-heading\">3\ufe0f\u20e3 M\u00f4 h\u00ecnh d\u1ef1a tr\u00ean hi\u1ec7u su\u1ea5t (CPA\/CPL\/CPS)<\/h3>\n\n\n\n<p>Tr\u1ea3 ti\u1ec1n d\u1ef1a tr\u00ean kh\u00e1ch h\u00e0ng ti\u1ec1m n\u0103ng th\u1ef1c t\u1ebf ho\u1eb7c doanh s\u1ed1 b\u00e1n h\u00e0ng t\u1ea1o ra th\u00f4ng qua qu\u1ea3ng c\u00e1o. M\u00f4 h\u00ecnh n\u00e0y ph\u00f9 h\u1ee3p v\u1edbi c\u00e1c chi\u1ebfn d\u1ecbch h\u01b0\u1edbng \u0111\u1ebfn hi\u1ec7u su\u1ea5t.<\/p>\n\n\n\n<ul class=\"wp-block-list\">\n<li><strong>Chi ph\u00ed cho m\u1ed7i kh\u00e1ch h\u00e0ng ti\u1ec1m n\u0103ng (CPL)<\/strong>: $10 \u2013 $50 cho m\u1ed7i kh\u00e1ch h\u00e0ng ti\u1ec1m n\u0103ng \u0111\u1ee7 \u0111i\u1ec1u ki\u1ec7n<\/li>\n\n\n\n<li><strong>Chi ph\u00ed cho m\u1ed7i l\u1ea7n b\u00e1n (CPS)<\/strong>: <strong>5% &#8211; 15%<\/strong> c\u1ee7a t\u1ed5ng gi\u00e1 tr\u1ecb b\u00e1n h\u00e0ng<\/li>\n<\/ul>\n\n\n\n<p>\ud83d\udccc <strong>T\u1ed1t nh\u1ea5t cho<\/strong>:Th\u01b0\u01a1ng m\u1ea1i \u0111i\u1ec7n t\u1eed, gi\u00e1o d\u1ee5c, t\u00e0i ch\u00ednh, SaaS v\u00e0 c\u00e1c ng\u00e0nh c\u00f4ng nghi\u1ec7p ch\u00fa tr\u1ecdng v\u00e0o hi\u1ec7u su\u1ea5t kh\u00e1c.<\/p>\n\n\n\n<h3 class=\"wp-block-heading\">4\ufe0f\u20e3 Thanh to\u00e1n k\u1ebft h\u1ee3p<\/h3>\n\n\n\n<p>K\u1ebft h\u1ee3p ph\u00ed theo ph\u1ea7n tr\u0103m v\u1edbi c\u00e1c \u01b0u \u0111\u00e3i v\u1ec1 hi\u1ec7u su\u1ea5t, mang l\u1ea1i s\u1ef1 linh ho\u1ea1t cho ho\u1ea1t \u0111\u1ed9ng qu\u1ea3ng c\u00e1o quy m\u00f4 l\u1edbn.<\/p>\n\n\n\n<figure class=\"wp-block-table\"><table class=\"has-fixed-layout\"><tbody><tr><td><strong>Ng\u00e2n s\u00e1ch qu\u1ea3ng c\u00e1o<\/strong><\/td><td><strong>Ph\u00ed d\u1ecbch v\u1ee5<\/strong><\/td><\/tr><tr><td>Tr\u00ean $50.000\/th\u00e1ng<\/td><td><strong>5%-8% chi ti\u00eau cho qu\u1ea3ng c\u00e1o + ti\u1ec1n th\u01b0\u1edfng hi\u1ec7u su\u1ea5t<\/strong><\/td><\/tr><tr><td>Tr\u00ean $100.000\/th\u00e1ng<\/td><td><strong>3%-5% chi ti\u00eau cho qu\u1ea3ng c\u00e1o + 5% gi\u00e1 tr\u1ecb b\u00e1n h\u00e0ng<\/strong><\/td><\/tr><\/tbody><\/table><\/figure>\n\n\n\n<p>\ud83d\udccc <strong>T\u1ed1t nh\u1ea5t cho<\/strong>: Kh\u00e1ch h\u00e0ng c\u00f3 ng\u00e2n s\u00e1ch l\u1edbn c\u1ea7n qu\u1ea3n l\u00fd qu\u1ea3ng c\u00e1o to\u00e0n di\u1ec7n v\u00e0 th\u00fac \u0111\u1ea9y hi\u1ec7u su\u1ea5t.<\/p>\n\n\n\n<h3 class=\"wp-block-heading\">\ud83d\udcca T\u1ea1i sao n\u00ean ch\u1ecdn ch\u00fang t\u00f4i?<\/h3>\n\n\n\n<p>\ud83d\udd0e <strong>X\u00e1c \u0111\u1ecbnh ch\u00ednh x\u00e1c m\u1ee5c ti\u00eau<\/strong>: Ph\u00e2n t\u00edch th\u1ecb tr\u01b0\u1eddng chuy\u00ean s\u00e2u \u0111\u1ec3 \u0111\u1ea3m b\u1ea3o qu\u1ea3ng c\u00e1o c\u1ee7a b\u1ea1n ti\u1ebfp c\u1eadn \u0111\u00fang \u0111\u1ed1i t\u01b0\u1ee3ng.<br>\ud83d\udcc8 <strong>T\u1ed1i \u01b0u h\u00f3a li\u00ean t\u1ee5c<\/strong>: Theo d\u00f5i v\u00e0 \u0111i\u1ec1u ch\u1ec9nh theo th\u1eddi gian th\u1ef1c \u0111\u1ec3 t\u1ed1i \u0111a h\u00f3a ROI.<br>\ud83d\udca1 <strong>\u0110\u1ed9i ng\u0169 chuy\u00ean gia<\/strong>:Kinh nghi\u1ec7m s\u00e2u r\u1ed9ng trong ti\u1ebfp th\u1ecb xuy\u00ean bi\u00ean gi\u1edbi v\u00e0 tu\u00e2n th\u1ee7 ch\u00ednh s\u00e1ch qu\u1ea3ng c\u00e1o.<br>\ud83d\udce3 <strong>Gi\u00e1 minh b\u1ea1ch<\/strong>:M\u00f4 h\u00ecnh \u0111\u1ecbnh gi\u00e1 r\u00f5 r\u00e0ng, linh ho\u1ea1t ph\u00f9 h\u1ee3p v\u1edbi nhu c\u1ea7u kinh doanh c\u1ee7a b\u1ea1n.<\/p>\n\n\n\n<h3 class=\"wp-block-heading\">\ud83d\udcde Li\u00ean h\u1ec7 v\u1edbi ch\u00fang t\u00f4i \u0111\u1ec3 c\u00f3 gi\u1ea3i ph\u00e1p qu\u1ea3ng c\u00e1o t\u00f9y ch\u1ec9nh!<\/h3>\n\n\n\n<p>H\u00e3y li\u00ean h\u1ec7 ngay h\u00f4m nay v\u00e0 \u0111\u1ec3 ch\u00fang t\u00f4i gi\u00fap th\u01b0\u01a1ng hi\u1ec7u c\u1ee7a b\u1ea1n ph\u00e1t tri\u1ec3n nhanh ch\u00f3ng tr\u00ean th\u1ecb tr\u01b0\u1eddng to\u00e0n c\u1ea7u v\u1edbi d\u1ecbch v\u1ee5 qu\u1ea3n l\u00fd qu\u1ea3ng c\u00e1o chuy\u00ean nghi\u1ec7p c\u1ee7a ch\u00fang t\u00f4i!<\/p>","protected":false},"excerpt":{"rendered":"<p>Ch\u00fang t\u00f4i chuy\u00ean cung c\u1ea5p d\u1ecbch v\u1ee5 qu\u1ea3n l\u00fd qu\u1ea3ng c\u00e1o Google Ads v\u00e0 Facebook cho c\u00e1c doanh nghi\u1ec7p, gi\u00fap b\u1ea1n ti\u1ebfp c\u1eadn ch\u00ednh x\u00e1c kh\u00e1ch h\u00e0ng m\u1ee5c ti\u00eau, t\u0103ng c\u01b0\u1eddng nh\u1eadn di\u1ec7n th\u01b0\u01a1ng hi\u1ec7u v\u00e0 th\u00fac \u0111\u1ea9y chuy\u1ec3n \u0111\u1ed5i b\u00e1n h\u00e0ng. V\u1edbi nhi\u1ec1u n\u0103m kinh nghi\u1ec7m ti\u1ebfp th\u1ecb xuy\u00ean bi\u00ean gi\u1edbi, ch\u00fang t\u00f4i cung c\u1ea5p c\u00e1c gi\u1ea3i ph\u00e1p to\u00e0n di\u1ec7n t\u1eeb thi\u1ebft l\u1eadp t\u00e0i kho\u1ea3n, \u0111\u1eb7t qu\u1ea3ng c\u00e1o, theo d\u00f5i hi\u1ec7u su\u1ea5t \u0111\u1ebfn t\u1ed1i \u01b0u h\u00f3a d\u1eef li\u1ec7u, \u0111\u1ea3m b\u1ea3o chi ph\u00ed qu\u1ea3ng c\u00e1o c\u1ee7a b\u1ea1n \u0111\u1ea1t \u0111\u01b0\u1ee3c ROI cao h\u01a1n. \ud83c\udfaf Ch\u00fang t\u00f4i [\u2026]<\/p>","protected":false},"author":1,"featured_media":0,"parent":0,"menu_order":0,"comment_status":"closed","ping_status":"closed","template":"","meta":{"_uag_custom_page_level_css":"","site-sidebar-layout":"default","site-content-layout":"","ast-site-content-layout":"default","site-content-style":"default","site-sidebar-style":"default","ast-global-header-display":"","ast-banner-title-visibility":"","ast-main-header-display":"","ast-hfb-above-header-display":"","ast-hfb-below-header-display":"","ast-hfb-mobile-header-display":"","site-post-title":"","ast-breadcrumbs-content":"","ast-featured-img":"","footer-sml-layout":"","theme-transparent-header-meta":"","adv-header-id-meta":"","stick-header-meta":"","header-above-stick-meta":"","header-main-stick-meta":"","header-below-stick-meta":"","astra-migrate-meta-layouts":"set","ast-page-background-enabled":"default","ast-page-background-meta":{"desktop":{"background-color":"var(--ast-global-color-4)","background-image":"","background-repeat":"repeat","background-position":"center center","background-size":"auto","background-attachment":"scroll","background-type":"","background-media":"","overlay-type":"","overlay-color":"","overlay-opacity":"","overlay-gradient":""},"tablet":{"background-color":"","background-image":"","background-repeat":"repeat","background-position":"center center","background-size":"auto","background-attachment":"scroll","background-type":"","background-media":"","overlay-type":"","overlay-color":"","overlay-opacity":"","overlay-gradient":""},"mobile":{"background-color":"","background-image":"","background-repeat":"repeat","background-position":"center center","background-size":"auto","background-attachment":"scroll","background-type":"","background-media":"","overlay-type":"","overlay-color":"","overlay-opacity":"","overlay-gradient":""}},"ast-content-background-meta":{"desktop":{"background-color":"var(--ast-global-color-5)","background-image":"","background-repeat":"repeat","background-position":"center center","background-size":"auto","background-attachment":"scroll","background-type":"","background-media":"","overlay-type":"","overlay-color":"","overlay-opacity":"","overlay-gradient":""},"tablet":{"background-color":"var(--ast-global-color-5)","background-image":"","background-repeat":"repeat","background-position":"center center","background-size":"auto","background-attachment":"scroll","background-type":"","background-media":"","overlay-type":"","overlay-color":"","overlay-opacity":"","overlay-gradient":""},"mobile":{"background-color":"var(--ast-global-color-5)","background-image":"","background-repeat":"repeat","background-position":"center center","background-size":"auto","background-attachment":"scroll","background-type":"","background-media":"","overlay-type":"","overlay-color":"","overlay-opacity":"","overlay-gradient":""}},"footnotes":""},"class_list":["post-1419","page","type-page","status-publish","hentry"],"yoast_head":"<!-- This site is optimized with the Yoast SEO plugin v24.5 - https:\/\/yoast.com\/wordpress\/plugins\/seo\/ -->\n<title>Google &amp; Facebook Advertising Management Service Introduction - SEAMAKES | Google Ads advertising service<\/title>\n<meta name=\"description\" content=\"Professional Google Ads and Facebook advertising management services for Companies. We offer account setup, ad optimization, performance tracking, and flexible pricing models to boost your brand exposure and maximize ROI. Contact us for a customized solution!\" \/>\n<meta name=\"robots\" content=\"index, follow, max-snippet:-1, max-image-preview:large, max-video-preview:-1\" \/>\n<link rel=\"canonical\" href=\"https:\/\/seamakes.com\/vn\/ads\/\" \/>\n<meta property=\"og:locale\" content=\"vi_VN\" \/>\n<meta property=\"og:type\" content=\"article\" \/>\n<meta property=\"og:title\" content=\"Google &amp; Facebook Advertising Management Service Introduction - SEAMAKES | Google Ads advertising service\" \/>\n<meta property=\"og:description\" content=\"Professional Google Ads and Facebook advertising management services for Companies. We offer account setup, ad optimization, performance tracking, and flexible pricing models to boost your brand exposure and maximize ROI. Contact us for a customized solution!\" \/>\n<meta property=\"og:url\" content=\"https:\/\/seamakes.com\/vn\/ads\/\" \/>\n<meta property=\"og:site_name\" content=\"SEAMAKES\" \/>\n<meta property=\"article:publisher\" content=\"https:\/\/www.facebook.com\/profile.php?id=61565067551641\" \/>\n<meta property=\"article:modified_time\" content=\"2025-03-11T14:59:31+00:00\" \/>\n<meta name=\"twitter:card\" content=\"summary_large_image\" \/>\n<meta name=\"twitter:label1\" content=\"\u01af\u1edbc t\u00ednh th\u1eddi gian \u0111\u1ecdc\" \/>\n\t<meta name=\"twitter:data1\" content=\"3 ph\u00fat\" \/>\n<script type=\"application\/ld+json\" class=\"yoast-schema-graph\">{\"@context\":\"https:\/\/schema.org\",\"@graph\":[{\"@type\":\"WebPage\",\"@id\":\"https:\/\/seamakes.com\/vn\/ads\/\",\"url\":\"https:\/\/seamakes.com\/vn\/ads\/\",\"name\":\"Google &amp; Facebook Advertising Management Service Introduction - SEAMAKES | Google Ads advertising service\",\"isPartOf\":{\"@id\":\"https:\/\/honeydew-rook-322833.hostingersite.com\/#website\"},\"datePublished\":\"2025-03-11T14:53:24+00:00\",\"dateModified\":\"2025-03-11T14:59:31+00:00\",\"description\":\"Professional Google Ads and Facebook advertising management services for Companies. We offer account setup, ad optimization, performance tracking, and flexible pricing models to boost your brand exposure and maximize ROI. Contact us for a customized solution!\",\"breadcrumb\":{\"@id\":\"https:\/\/seamakes.com\/vn\/ads\/#breadcrumb\"},\"inLanguage\":\"vi\",\"potentialAction\":[{\"@type\":\"ReadAction\",\"target\":[\"https:\/\/seamakes.com\/vn\/ads\/\"]}]},{\"@type\":\"BreadcrumbList\",\"@id\":\"https:\/\/seamakes.com\/vn\/ads\/#breadcrumb\",\"itemListElement\":[{\"@type\":\"ListItem\",\"position\":1,\"name\":\"\u9996\u9875\",\"item\":\"https:\/\/seamakes.com\/\"},{\"@type\":\"ListItem\",\"position\":2,\"name\":\"Google &amp; Facebook Advertising Management Service Introduction\"}]},{\"@type\":\"WebSite\",\"@id\":\"https:\/\/honeydew-rook-322833.hostingersite.com\/#website\",\"url\":\"https:\/\/honeydew-rook-322833.hostingersite.com\/\",\"name\":\"SEAMKAES\",\"description\":\"Website Development,Standalone Website,DTC Website,SEO\",\"publisher\":{\"@id\":\"https:\/\/honeydew-rook-322833.hostingersite.com\/#organization\"},\"alternateName\":\"SEAMKAES\",\"potentialAction\":[{\"@type\":\"SearchAction\",\"target\":{\"@type\":\"EntryPoint\",\"urlTemplate\":\"https:\/\/honeydew-rook-322833.hostingersite.com\/?s={search_term_string}\"},\"query-input\":{\"@type\":\"PropertyValueSpecification\",\"valueRequired\":true,\"valueName\":\"search_term_string\"}}],\"inLanguage\":\"vi\"},{\"@type\":\"Organization\",\"@id\":\"https:\/\/honeydew-rook-322833.hostingersite.com\/#organization\",\"name\":\"SEAMAKES\",\"alternateName\":\"SEAMAKES\",\"url\":\"https:\/\/honeydew-rook-322833.hostingersite.com\/\",\"logo\":{\"@type\":\"ImageObject\",\"inLanguage\":\"vi\",\"@id\":\"https:\/\/honeydew-rook-322833.hostingersite.com\/#\/schema\/logo\/image\/\",\"url\":\"https:\/\/seamakes.com\/wp-content\/uploads\/2025\/02\/seamakes-logo.svg\",\"contentUrl\":\"https:\/\/seamakes.com\/wp-content\/uploads\/2025\/02\/seamakes-logo.svg\",\"width\":1,\"height\":1,\"caption\":\"SEAMAKES\"},\"image\":{\"@id\":\"https:\/\/honeydew-rook-322833.hostingersite.com\/#\/schema\/logo\/image\/\"},\"sameAs\":[\"https:\/\/www.facebook.com\/profile.php?id=61565067551641\"]}]}<\/script>\n<!-- \/ Yoast SEO plugin. -->","yoast_head_json":{"title":"Google &amp; Facebook Advertising Management Service Introduction - SEAMAKES | Google Ads advertising service","description":"Professional Google Ads and Facebook advertising management services for Companies. We offer account setup, ad optimization, performance tracking, and flexible pricing models to boost your brand exposure and maximize ROI. Contact us for a customized solution!","robots":{"index":"index","follow":"follow","max-snippet":"max-snippet:-1","max-image-preview":"max-image-preview:large","max-video-preview":"max-video-preview:-1"},"canonical":"https:\/\/seamakes.com\/vn\/ads\/","og_locale":"vi_VN","og_type":"article","og_title":"Google &amp; Facebook Advertising Management Service Introduction - SEAMAKES | Google Ads advertising service","og_description":"Professional Google Ads and Facebook advertising management services for Companies. We offer account setup, ad optimization, performance tracking, and flexible pricing models to boost your brand exposure and maximize ROI. Contact us for a customized solution!","og_url":"https:\/\/seamakes.com\/vn\/ads\/","og_site_name":"SEAMAKES","article_publisher":"https:\/\/www.facebook.com\/profile.php?id=61565067551641","article_modified_time":"2025-03-11T14:59:31+00:00","twitter_card":"summary_large_image","twitter_misc":{"\u01af\u1edbc t\u00ednh th\u1eddi gian \u0111\u1ecdc":"3 ph\u00fat"},"schema":{"@context":"https:\/\/schema.org","@graph":[{"@type":"WebPage","@id":"https:\/\/seamakes.com\/vn\/ads\/","url":"https:\/\/seamakes.com\/vn\/ads\/","name":"Google &amp; Facebook Advertising Management Service Introduction - SEAMAKES | Google Ads advertising service","isPartOf":{"@id":"https:\/\/honeydew-rook-322833.hostingersite.com\/#website"},"datePublished":"2025-03-11T14:53:24+00:00","dateModified":"2025-03-11T14:59:31+00:00","description":"Professional Google Ads and Facebook advertising management services for Companies. We offer account setup, ad optimization, performance tracking, and flexible pricing models to boost your brand exposure and maximize ROI. Contact us for a customized solution!","breadcrumb":{"@id":"https:\/\/seamakes.com\/vn\/ads\/#breadcrumb"},"inLanguage":"vi","potentialAction":[{"@type":"ReadAction","target":["https:\/\/seamakes.com\/vn\/ads\/"]}]},{"@type":"BreadcrumbList","@id":"https:\/\/seamakes.com\/vn\/ads\/#breadcrumb","itemListElement":[{"@type":"ListItem","position":1,"name":"\u9996\u9875","item":"https:\/\/seamakes.com\/"},{"@type":"ListItem","position":2,"name":"Google &amp; Facebook Advertising Management Service Introduction"}]},{"@type":"WebSite","@id":"https:\/\/honeydew-rook-322833.hostingersite.com\/#website","url":"https:\/\/honeydew-rook-322833.hostingersite.com\/","name":"SEAMKAES","description":"Website Development,Standalone Website,DTC Website,SEO","publisher":{"@id":"https:\/\/honeydew-rook-322833.hostingersite.com\/#organization"},"alternateName":"SEAMKAES","potentialAction":[{"@type":"SearchAction","target":{"@type":"EntryPoint","urlTemplate":"https:\/\/honeydew-rook-322833.hostingersite.com\/?s={search_term_string}"},"query-input":{"@type":"PropertyValueSpecification","valueRequired":true,"valueName":"search_term_string"}}],"inLanguage":"vi"},{"@type":"Organization","@id":"https:\/\/honeydew-rook-322833.hostingersite.com\/#organization","name":"SEAMAKES","alternateName":"SEAMAKES","url":"https:\/\/honeydew-rook-322833.hostingersite.com\/","logo":{"@type":"ImageObject","inLanguage":"vi","@id":"https:\/\/honeydew-rook-322833.hostingersite.com\/#\/schema\/logo\/image\/","url":"https:\/\/seamakes.com\/wp-content\/uploads\/2025\/02\/seamakes-logo.svg","contentUrl":"https:\/\/seamakes.com\/wp-content\/uploads\/2025\/02\/seamakes-logo.svg","width":1,"height":1,"caption":"SEAMAKES"},"image":{"@id":"https:\/\/honeydew-rook-322833.hostingersite.com\/#\/schema\/logo\/image\/"},"sameAs":["https:\/\/www.facebook.com\/profile.php?id=61565067551641"]}]}},"uagb_featured_image_src":{"full":false,"thumbnail":false,"medium":false,"medium_large":false,"large":false,"1536x1536":false,"2048x2048":false,"trp-custom-language-flag":false},"uagb_author_info":{"display_name":"seamakes","author_link":"https:\/\/seamakes.com\/vn\/author\/seamakes\/"},"uagb_comment_info":0,"uagb_excerpt":"We specialize in providing Google Ads and Facebook advertising management services for Companies, helping you precisely reach target customers, increase brand exposure, and boost sales conversions. With years of cross-border marketing experience, we offer end-to-end solutions from account setup, ad placement, performance tracking to data optimization, ensuring your ad spend achieves higher ROI. \ud83c\udfaf Our&hellip;","_links":{"self":[{"href":"https:\/\/seamakes.com\/vn\/wp-json\/wp\/v2\/pages\/1419","targetHints":{"allow":["GET"]}}],"collection":[{"href":"https:\/\/seamakes.com\/vn\/wp-json\/wp\/v2\/pages"}],"about":[{"href":"https:\/\/seamakes.com\/vn\/wp-json\/wp\/v2\/types\/page"}],"author":[{"embeddable":true,"href":"https:\/\/seamakes.com\/vn\/wp-json\/wp\/v2\/users\/1"}],"replies":[{"embeddable":true,"href":"https:\/\/seamakes.com\/vn\/wp-json\/wp\/v2\/comments?post=1419"}],"version-history":[{"count":2,"href":"https:\/\/seamakes.com\/vn\/wp-json\/wp\/v2\/pages\/1419\/revisions"}],"predecessor-version":[{"id":1423,"href":"https:\/\/seamakes.com\/vn\/wp-json\/wp\/v2\/pages\/1419\/revisions\/1423"}],"wp:attachment":[{"href":"https:\/\/seamakes.com\/vn\/wp-json\/wp\/v2\/media?parent=1419"}],"curies":[{"name":"wp","href":"https:\/\/api.w.org\/{rel}","templated":true}]}}