{"id":361,"date":"2025-02-17T23:23:49","date_gmt":"2025-02-17T15:23:49","guid":{"rendered":"https:\/\/seamakes.com\/services\/"},"modified":"2025-06-18T13:15:42","modified_gmt":"2025-06-18T05:15:42","slug":"services","status":"publish","type":"page","link":"https:\/\/seamakes.com\/vn\/services\/","title":{"rendered":"D\u1ecbch v\u1ee5"},"content":{"rendered":"<div class=\"wp-block-uagb-container uagb-block-ddbe5c65 alignfull uagb-is-root-container\"><div class=\"uagb-container-inner-blocks-wrap\">\n<div class=\"wp-block-uagb-advanced-heading uagb-block-fa4e7c56\"><h1 class=\"uagb-heading-text\">D\u1ecbch v\u1ee5 ch\u00fang t\u00f4i cung c\u1ea5p<\/h1><p class=\"uagb-desc-text\">Ph\u00e1t tri\u1ec3n website, website \u0111\u1ed9c l\u1eadp, website th\u01b0\u01a1ng m\u1ea1i n\u01b0\u1edbc ngo\u00e0i, d\u1ecbch v\u1ee5 SEO, qu\u1ea3ng c\u00e1o Google v\u00e0 Facebook gi\u00fap b\u1ea1n d\u1ec5 d\u00e0ng c\u00f3 \u0111\u01b0\u1ee3c \u0111\u01a1n h\u00e0ng c\u1ee7a kh\u00e1ch h\u00e0ng.<\/p><\/div>\n<\/div><\/div>\n\n\n\n<div class=\"wp-block-uagb-container uagb-block-769b6847 alignfull uagb-is-root-container\"><div class=\"uagb-container-inner-blocks-wrap\">\n<div class=\"wp-block-uagb-advanced-heading uagb-block-49143d4d\"><h2 class=\"uagb-heading-text\">Ch\u00fang t\u00f4i c\u00f3 th\u1ec3 gi\u00fap g\u00ec cho b\u1ea1n?\u200b<\/h2><\/div>\n\n\n\n<div class=\"wp-block-uagb-container uagb-layout-grid uagb-block-132ede22\">\n<div class=\"wp-block-uagb-info-box uagb-block-0669c3ff uagb-infobox__content-wrap  uagb-infobox-icon-above-title uagb-infobox-image-valign-top\"><div class=\"uagb-ifb-content\"><div class=\"uagb-ifb-image-content\"><img decoding=\"async\" src=\"https:\/\/seamakes.com\/wp-content\/uploads\/2025\/02\/website.png\" alt=\"\" width=\"1000\" height=\"714\" loading=\"lazy\"\/><\/div><div class=\"uagb-ifb-title-wrap\"><h5 class=\"uagb-ifb-title\">Ph\u00e1t tri\u1ec3n Website<\/h5><\/div><p class=\"uagb-ifb-desc\">Ch\u00fang t\u00f4i cung c\u1ea5p d\u1ecbch v\u1ee5 Thi\u1ebft k\u1ebf &amp; Ph\u00e1t tri\u1ec3n Website chuy\u00ean nghi\u1ec7p \u0111\u1ec3 gi\u00fap c\u00e1c doanh nghi\u1ec7p x\u00e2y d\u1ef1ng c\u00e1c trang web \u0111\u1ed9c \u0111\u00e1o, th\u00e2n thi\u1ec7n v\u1edbi ng\u01b0\u1eddi d\u00f9ng v\u00e0 hi\u1ec7u su\u1ea5t cao. T\u1eeb thi\u1ebft k\u1ebf trang web t\u00f9y ch\u1ec9nh \u0111\u1ebfn ph\u00e1t tri\u1ec3n ch\u1ee9c n\u0103ng, ch\u00fang t\u00f4i cung c\u1ea5p c\u00e1c gi\u1ea3i ph\u00e1p ph\u00f9 h\u1ee3p v\u1edbi nhu c\u1ea7u kinh doanh c\u1ee7a b\u1ea1n.<\/p><\/div><\/div>\n\n\n\n<div class=\"wp-block-uagb-info-box uagb-block-9a931b37 uagb-infobox__content-wrap  uagb-infobox-icon-above-title uagb-infobox-image-valign-top\"><div class=\"uagb-ifb-content\"><div class=\"uagb-ifb-image-content\"><img decoding=\"async\" src=\"https:\/\/seamakes.com\/wp-content\/uploads\/2025\/02\/website-dulizhan.jpg\" alt=\"\" width=\"1000\" height=\"714\" loading=\"lazy\"\/><\/div><div class=\"uagb-ifb-title-wrap\"><h5 class=\"uagb-ifb-title\">Trang web \u0111\u1ed9c l\u1eadp &amp; Trang web DTC<\/h5><\/div><p class=\"uagb-ifb-desc\">Ch\u00fang t\u00f4i cung c\u1ea5p c\u00e1c trang web \u0111\u1ed9c l\u1eadp \u0111\u1ec3 ki\u1ec3m so\u00e1t ho\u00e0n to\u00e0n ho\u1ea1t \u0111\u1ed9ng x\u00e2y d\u1ef1ng th\u01b0\u01a1ng hi\u1ec7u v\u00e0 ho\u1ea1t \u0111\u1ed9ng, v\u00e0 c\u00e1c trang web DTC \u0111\u1ec3 gi\u00fap c\u00e1c doanh nghi\u1ec7p b\u00e1n h\u00e0ng tr\u1ef1c ti\u1ebfp cho ng\u01b0\u1eddi ti\u00eau d\u00f9ng, t\u0103ng c\u01b0\u1eddng s\u1ef1 t\u01b0\u01a1ng t\u00e1c c\u1ee7a kh\u00e1ch h\u00e0ng v\u00e0 t\u0103ng l\u1ee3i nhu\u1eadn. C\u00e1c gi\u1ea3i ph\u00e1p c\u1ee7a ch\u00fang t\u00f4i bao g\u1ed3m thi\u1ebft k\u1ebf t\u00f9y ch\u1ec9nh, t\u1ed1i \u01b0u h\u00f3a SEO \u0111\u1ec3 h\u1ed7 tr\u1ee3 s\u1ef1 ph\u00e1t tri\u1ec3n to\u00e0n c\u1ea7u c\u1ee7a b\u1ea1n.<\/p><\/div><\/div>\n\n\n\n<div class=\"wp-block-uagb-info-box uagb-block-9f7240ab uagb-infobox__content-wrap  uagb-infobox-icon-above-title uagb-infobox-image-valign-top\"><div class=\"uagb-ifb-content\"><div class=\"uagb-ifb-image-content\"><img decoding=\"async\" src=\"https:\/\/seamakes.com\/wp-content\/uploads\/2025\/02\/zalo-mini-app.png\" alt=\"\" width=\"1000\" height=\"714\" loading=\"lazy\"\/><\/div><div class=\"uagb-ifb-title-wrap\"><h5 class=\"uagb-ifb-title\">Trang web qu\u1ed1c t\u1ebf B2B<\/h5><\/div><p class=\"uagb-ifb-desc\">C\u00e1c trang web B2B qu\u1ed1c t\u1ebf \u0111\u01b0\u1ee3c thi\u1ebft k\u1ebf cho c\u00e1c c\u00f4ng ty \u0111a qu\u1ed1c gia \u0111\u1ec3 thi\u1ebft l\u1eadp s\u1ef1 hi\u1ec7n di\u1ec7n kinh doanh tr\u1ef1c tuy\u1ebfn tr\u00ean th\u1ecb tr\u01b0\u1eddng to\u00e0n c\u1ea7u. H\u1ecd cung c\u1ea5p h\u1ed7 tr\u1ee3 \u0111a ng\u00f4n ng\u1eef, gi\u1ea3i ph\u00e1p thanh to\u00e1n to\u00e0n c\u1ea7u v\u00e0 k\u00eanh b\u00e1n h\u00e0ng xuy\u00ean bi\u00ean gi\u1edbi \u0111\u1ec3 gi\u00fap c\u00e1c doanh nghi\u1ec7p m\u1edf r\u1ed9ng ra qu\u1ed1c t\u1ebf.<\/p><\/div><\/div>\n\n\n\n<div class=\"wp-block-uagb-info-box uagb-block-5c5d5da0 uagb-infobox__content-wrap  uagb-infobox-icon-above-title uagb-infobox-image-valign-top\"><div class=\"uagb-ifb-content\"><div class=\"uagb-ifb-image-content\"><img decoding=\"async\" src=\"https:\/\/seamakes.com\/wp-content\/uploads\/2025\/02\/zalo-mini-app.png\" alt=\"\" width=\"1000\" height=\"714\" loading=\"lazy\"\/><\/div><div class=\"uagb-ifb-title-wrap\"><h5 class=\"uagb-ifb-title\">Trang web th\u01b0\u01a1ng hi\u1ec7u<\/h5><\/div><p class=\"uagb-ifb-desc\">Website th\u01b0\u01a1ng hi\u1ec7u t\u1eadp trung v\u00e0o vi\u1ec7c x\u00e2y d\u1ef1ng th\u01b0\u01a1ng hi\u1ec7u, gi\u1edbi thi\u1ec7u h\u00ecnh \u1ea3nh, s\u1ea3n ph\u1ea9m v\u00e0 d\u1ecbch v\u1ee5 c\u1ee7a c\u00f4ng ty. Website gi\u00fap doanh nghi\u1ec7p n\u00e2ng cao nh\u1eadn th\u1ee9c v\u1ec1 th\u01b0\u01a1ng hi\u1ec7u v\u00e0 l\u00f2ng trung th\u00e0nh c\u1ee7a kh\u00e1ch h\u00e0ng th\u00f4ng qua thi\u1ebft k\u1ebf chuy\u00ean nghi\u1ec7p v\u00e0 c\u00e1c t\u00ednh n\u0103ng t\u01b0\u01a1ng t\u00e1c.<\/p><\/div><\/div>\n\n\n\n<div class=\"wp-block-uagb-info-box uagb-block-5681adcd uagb-infobox__content-wrap  uagb-infobox-icon-above-title uagb-infobox-image-valign-top\"><div class=\"uagb-ifb-content\"><div class=\"uagb-ifb-image-content\"><img decoding=\"async\" src=\"https:\/\/seamakes.com\/wp-content\/uploads\/2025\/02\/qr.png\" alt=\"\" width=\"1000\" height=\"714\" loading=\"lazy\"\/><\/div><div class=\"uagb-ifb-title-wrap\"><h5 class=\"uagb-ifb-title\">Trang web h\u01b0\u1edbng xu\u1ea5t kh\u1ea9u<\/h5><\/div><p class=\"uagb-ifb-desc\">C\u00e1c trang web h\u01b0\u1edbng \u0111\u1ebfn xu\u1ea5t kh\u1ea9u \u0111\u01b0\u1ee3c thi\u1ebft k\u1ebf \u0111\u1ec3 gi\u00fap c\u00e1c doanh nghi\u1ec7p m\u1edf r\u1ed9ng ra th\u1ecb tr\u01b0\u1eddng qu\u1ed1c t\u1ebf. \u0110\u01b0\u1ee3c thi\u1ebft k\u1ebf ri\u00eang cho c\u00e1c c\u00f4ng ty xu\u1ea5t kh\u1ea9u, ch\u00fang cung c\u1ea5p h\u1ed7 tr\u1ee3 \u0111a ng\u00f4n ng\u1eef, h\u1eadu c\u1ea7n qu\u1ed1c t\u1ebf v\u00e0 c\u00e1c gi\u1ea3i ph\u00e1p thanh to\u00e1n \u0111\u1ec3 th\u00fac \u0111\u1ea9y doanh s\u1ed1 b\u00e1n h\u00e0ng to\u00e0n c\u1ea7u.<\/p><\/div><\/div>\n\n\n\n<div class=\"wp-block-uagb-info-box uagb-block-15659dce uagb-infobox__content-wrap  uagb-infobox-icon-above-title uagb-infobox-image-valign-top\"><div class=\"uagb-ifb-content\"><div class=\"uagb-ifb-image-content\"><img decoding=\"async\" src=\"https:\/\/seamakes.com\/wp-content\/uploads\/2025\/02\/socialmedia.jpg\" alt=\"\" width=\"1000\" height=\"714\" loading=\"lazy\"\/><\/div><div class=\"uagb-ifb-title-wrap\"><h5 class=\"uagb-ifb-title\">Facebook v\u00e0 Google Ads\/SEO<\/h5><\/div><p class=\"uagb-ifb-desc\">Gi\u00fap kh\u00e1ch h\u00e0ng ti\u1ebfp c\u1eadn \u0111\u1ed1i t\u01b0\u1ee3ng m\u1ee5c ti\u00eau v\u00e0 t\u0103ng kh\u1ea3 n\u0103ng hi\u1ec3n th\u1ecb th\u01b0\u01a1ng hi\u1ec7u. V\u00e0 c\u1ea3i thi\u1ec7n th\u1ee9 h\u1ea1ng trang web tr\u00ean c\u00e1c c\u00f4ng c\u1ee5 t\u00ecm ki\u1ebfm v\u00e0 t\u0103ng l\u01b0u l\u01b0\u1ee3ng truy c\u1eadp t\u1ef1 nhi\u00ean. V\u1edbi chi\u1ebfn l\u01b0\u1ee3c to\u00e0n di\u1ec7n, ch\u00fang t\u00f4i gi\u00fap kh\u00e1ch h\u00e0ng \u0111\u1ea1t \u0111\u01b0\u1ee3c t\u1ef7 l\u1ec7 chuy\u1ec3n \u0111\u1ed5i th\u1ecb tr\u01b0\u1eddng v\u00e0 t\u0103ng tr\u01b0\u1edfng doanh s\u1ed1 cao h\u01a1n.<\/p><div class=\"uagb-ifb-button-wrapper wp-block-button\"><a href=\"\/vn\/ads\/\" target=\"_self\" onclick=\"return true;\" class=\"uagb-infobox-cta-link\" rel=\"noopener noreferrer\"><span class=\"uagb-inline-editing\">\u0110\u1ecdc th\u00eam<\/span><svg xmlns=\"https:\/\/www.w3.org\/2000\/svg\" viewbox=\"0 0 512 512\"><path d=\"M504.3 273.6l-112.1 104c-6.992 6.484-17.18 8.218-25.94 4.406c-8.758-3.812-14.42-12.45-14.42-21.1L351.9 288H32C14.33 288 .0002 273.7 .0002 255.1S14.33 224 32 224h319.9l0-72c0-9.547 5.66-18.19 14.42-22c8.754-3.809 18.95-2.075 25.94 4.41l112.1 104C514.6 247.9 514.6 264.1 504.3 273.6z\"><\/path><\/svg><\/a><\/div><\/div><\/div>\n<\/div>\n\n\n\n<div class=\"wp-block-uagb-buttons uagb-buttons__outer-wrap uagb-btn__default-btn uagb-btn-tablet__default-btn uagb-btn-mobile__default-btn uagb-block-c8b8590c\"><div class=\"uagb-buttons__wrap uagb-buttons-layout-wrap\">\n<div class=\"wp-block-uagb-buttons-child uagb-buttons__outer-wrap uagb-block-182585fe wp-block-button\"><div class=\"uagb-button__wrapper\"><a class=\"uagb-buttons-repeater wp-block-button__link\" aria-label=\"\" href=\"\/vn\/pricing\/\" rel=\"follow noopener\" target=\"_blank\" role=\"button\"><div class=\"uagb-button__link\">Gi\u00e1 c\u1ea3<\/div><span class=\"uagb-button__icon uagb-button__icon-position-after\"><svg xmlns=\"https:\/\/www.w3.org\/2000\/svg\" viewbox=\"0 0 448 512\" aria-hidden=\"true\" focussable=\"false\"><path d=\"M438.6 278.6l-160 160C272.4 444.9 264.2 448 256 448s-16.38-3.125-22.62-9.375c-12.5-12.5-12.5-32.75 0-45.25L338.8 288H32C14.33 288 .0016 273.7 .0016 256S14.33 224 32 224h306.8l-105.4-105.4c-12.5-12.5-12.5-32.75 0-45.25s32.75-12.5 45.25 0l160 160C451.1 245.9 451.1 266.1 438.6 278.6z\"><\/path><\/svg><\/span><\/a><\/div><\/div>\n<\/div><\/div>\n<\/div><\/div>\n\n\n\n<div class=\"wp-block-uagb-container uagb-block-3c795e40 alignfull uagb-is-root-container\"><div class=\"uagb-container-inner-blocks-wrap\">\n<div class=\"wp-block-uagb-image uagb-block-90ee0f2e wp-block-uagb-image--layout-default wp-block-uagb-image--effect-static wp-block-uagb-image--align-none\"><figure class=\"wp-block-uagb-image__figure\"><img decoding=\"async\" srcset=\"https:\/\/seamakes.com\/wp-content\/uploads\/2025\/02\/contactus-1.jpg ,https:\/\/seamakes.com\/wp-content\/uploads\/2025\/02\/contactus-1.jpg 780w, https:\/\/seamakes.com\/wp-content\/uploads\/2025\/02\/contactus-1.jpg 360w\" sizes=\"auto, (max-width: 480px) 150px\" src=\"https:\/\/seamakes.com\/wp-content\/uploads\/2025\/02\/contactus-1.jpg\" alt=\"\" class=\"uag-image-1201\" width=\"700\" height=\"500\" title=\"li\u00ean h\u1ec7-1\" loading=\"lazy\" role=\"img\"\/><\/figure><\/div>\n\n\n\n<div class=\"wp-block-uagb-info-box uagb-block-bd72b2fb uagb-infobox__content-wrap  uagb-infobox-icon-above-title uagb-infobox-image-valign-top\"><div class=\"uagb-ifb-content\"><div class=\"uagb-ifb-title-wrap\"><h2 class=\"uagb-ifb-title\">Ch\u00fang t\u00f4i s\u1eb5n s\u00e0ng gi\u00fap b\u1ea1n! Li\u00ean h\u1ec7 v\u1edbi ch\u00fang t\u00f4i ngay!<br><a href=\"https:\/\/vn.seamakes.com\/services\/#\"><\/a><\/h2><\/div><div class=\"uagb-ifb-button-wrapper wp-block-button\"><a href=\"https:\/\/m.me\/seamakes\" class=\"uagb-infobox-cta-link wp-block-button__link\" target=\"_blank\" rel=\"noopener noreferrer\" onclick=\"return true;\"><span class=\"uagb-inline-editing\">Chat Ngay<\/span><svg xmlns=\"https:\/\/www.w3.org\/2000\/svg\" viewbox=\"0 0 512 512\"><path d=\"M256.5 8C116.5 8 8 110.3 8 248.6c0 72.3 29.71 134.8 78.07 177.9 8.35 7.51 6.63 11.86 8.05 58.23A19.92 19.92 0 0 0 122 502.3c52.91-23.3 53.59-25.14 62.56-22.7C337.9 521.8 504 423.7 504 248.6 504 110.3 396.6 8 256.5 8zm149.2 185.1l-73 115.6a37.37 37.37 0 0 1 -53.91 9.93l-58.08-43.47a15 15 0 0 0 -18 0l-78.37 59.44c-10.46 7.93-24.16-4.6-17.11-15.67l73-115.6a37.36 37.36 0 0 1 53.91-9.93l58.06 43.46a15 15 0 0 0 18 0l78.41-59.38c10.44-7.98 24.14 4.54 17.09 15.62z\"><\/path><\/svg><\/a><\/div><\/div><\/div>\n<\/div><\/div>\n\n\n\n<p><\/p>","protected":false},"excerpt":{"rendered":"<p>D\u1ecbch v\u1ee5 ch\u00fang t\u00f4i cung c\u1ea5p Ph\u00e1t tri\u1ec3n trang web, trang web \u0111\u1ed9c l\u1eadp, trang web th\u01b0\u01a1ng m\u1ea1i n\u01b0\u1edbc ngo\u00e0i, d\u1ecbch v\u1ee5 SEO, Google v\u00e0 Facebook Ads gi\u00fap b\u1ea1n d\u1ec5 d\u00e0ng c\u00f3 \u0111\u01b0\u1ee3c \u0111\u01a1n \u0111\u1eb7t h\u00e0ng c\u1ee7a kh\u00e1ch h\u00e0ng. Ch\u00fang t\u00f4i c\u00f3 th\u1ec3 gi\u00fap b\u1ea1n nh\u01b0 th\u1ebf n\u00e0o?\u200b<\/p>","protected":false},"author":1,"featured_media":0,"parent":0,"menu_order":0,"comment_status":"closed","ping_status":"closed","template":"","meta":{"_uag_custom_page_level_css":"","site-sidebar-layout":"no-sidebar","site-content-layout":"plain-container","ast-site-content-layout":"normal-width-container","site-content-style":"unboxed","site-sidebar-style":"unboxed","ast-global-header-display":"","ast-banner-title-visibility":"","ast-main-header-display":"","ast-hfb-above-header-display":"","ast-hfb-below-header-display":"","ast-hfb-mobile-header-display":"","site-post-title":"disabled","ast-breadcrumbs-content":"","ast-featured-img":"","footer-sml-layout":"","theme-transparent-header-meta":"enabled","adv-header-id-meta":"","stick-header-meta":"","header-above-stick-meta":"","header-main-stick-meta":"","header-below-stick-meta":"","astra-migrate-meta-layouts":"set","ast-page-background-enabled":"default","ast-page-background-meta":{"desktop":{"background-color":"var(--ast-global-color-4)","background-image":"","background-repeat":"repeat","background-position":"center center","background-size":"auto","background-attachment":"scroll","background-type":"","background-media":"","overlay-type":"","overlay-color":"","overlay-opacity":"","overlay-gradient":""},"tablet":{"background-color":"","background-image":"","background-repeat":"repeat","background-position":"center center","background-size":"auto","background-attachment":"scroll","background-type":"","background-media":"","overlay-type":"","overlay-color":"","overlay-opacity":"","overlay-gradient":""},"mobile":{"background-color":"","background-image":"","background-repeat":"repeat","background-position":"center center","background-size":"auto","background-attachment":"scroll","background-type":"","background-media":"","overlay-type":"","overlay-color":"","overlay-opacity":"","overlay-gradient":""}},"ast-content-background-meta":{"desktop":{"background-color":"var(--ast-global-color-5)","background-image":"","background-repeat":"repeat","background-position":"center center","background-size":"auto","background-attachment":"scroll","background-type":"","background-media":"","overlay-type":"","overlay-color":"","overlay-opacity":"","overlay-gradient":""},"tablet":{"background-color":"var(--ast-global-color-5)","background-image":"","background-repeat":"repeat","background-position":"center center","background-size":"auto","background-attachment":"scroll","background-type":"","background-media":"","overlay-type":"","overlay-color":"","overlay-opacity":"","overlay-gradient":""},"mobile":{"background-color":"var(--ast-global-color-5)","background-image":"","background-repeat":"repeat","background-position":"center center","background-size":"auto","background-attachment":"scroll","background-type":"","background-media":"","overlay-type":"","overlay-color":"","overlay-opacity":"","overlay-gradient":""}},"footnotes":""},"class_list":["post-361","page","type-page","status-publish","hentry"],"yoast_head":"<!-- This site is optimized with the Yoast SEO plugin v24.5 - https:\/\/yoast.com\/wordpress\/plugins\/seo\/ -->\n<title>Services - SEAMAKES \uff5cWebsite Development,Standalone Website,DTC Website,SEO<\/title>\n<meta name=\"description\" content=\"Website Development, Independent site, Foreign trade Website, SEO, Google and Facebook Ads services to help you easily acquire customer orders.\" \/>\n<meta name=\"robots\" content=\"index, follow, max-snippet:-1, max-image-preview:large, max-video-preview:-1\" \/>\n<link rel=\"canonical\" href=\"https:\/\/seamakes.com\/vn\/services\/\" \/>\n<meta property=\"og:locale\" content=\"vi_VN\" \/>\n<meta property=\"og:type\" content=\"article\" \/>\n<meta property=\"og:title\" content=\"Services - SEAMAKES \uff5cWebsite Development,Standalone Website,DTC Website,SEO\" \/>\n<meta property=\"og:description\" content=\"Website Development, Independent site, Foreign trade Website, SEO, Google and Facebook Ads services to help you easily acquire customer orders.\" \/>\n<meta property=\"og:url\" content=\"https:\/\/seamakes.com\/vn\/services\/\" \/>\n<meta property=\"og:site_name\" content=\"SEAMAKES\" \/>\n<meta property=\"article:publisher\" content=\"https:\/\/www.facebook.com\/profile.php?id=61565067551641\" \/>\n<meta property=\"article:modified_time\" content=\"2025-06-18T05:15:42+00:00\" \/>\n<meta property=\"og:image\" content=\"https:\/\/seamakes.com\/wp-content\/uploads\/2025\/02\/website.png\" \/>\n<meta name=\"twitter:card\" content=\"summary_large_image\" \/>\n<meta name=\"twitter:label1\" content=\"\u01af\u1edbc t\u00ednh th\u1eddi gian \u0111\u1ecdc\" \/>\n\t<meta name=\"twitter:data1\" content=\"3 ph\u00fat\" \/>\n<script type=\"application\/ld+json\" class=\"yoast-schema-graph\">{\"@context\":\"https:\/\/schema.org\",\"@graph\":[{\"@type\":\"WebPage\",\"@id\":\"https:\/\/seamakes.com\/zh\/services\/\",\"url\":\"https:\/\/seamakes.com\/zh\/services\/\",\"name\":\"Services - SEAMAKES \uff5cWebsite Development,Standalone Website,DTC Website,SEO\",\"isPartOf\":{\"@id\":\"https:\/\/honeydew-rook-322833.hostingersite.com\/#website\"},\"primaryImageOfPage\":{\"@id\":\"https:\/\/seamakes.com\/zh\/services\/#primaryimage\"},\"image\":{\"@id\":\"https:\/\/seamakes.com\/zh\/services\/#primaryimage\"},\"thumbnailUrl\":\"https:\/\/seamakes.com\/wp-content\/uploads\/2025\/02\/website.png\",\"datePublished\":\"2025-02-17T15:23:49+00:00\",\"dateModified\":\"2025-06-18T05:15:42+00:00\",\"description\":\"Website Development, Independent site, Foreign trade Website, SEO, Google and Facebook Ads services to help you easily acquire customer orders.\",\"breadcrumb\":{\"@id\":\"https:\/\/seamakes.com\/zh\/services\/#breadcrumb\"},\"inLanguage\":\"vi\",\"potentialAction\":[{\"@type\":\"ReadAction\",\"target\":[\"https:\/\/seamakes.com\/zh\/services\/\"]}]},{\"@type\":\"ImageObject\",\"inLanguage\":\"vi\",\"@id\":\"https:\/\/seamakes.com\/zh\/services\/#primaryimage\",\"url\":\"https:\/\/seamakes.com\/wp-content\/uploads\/2025\/02\/website.png\",\"contentUrl\":\"https:\/\/seamakes.com\/wp-content\/uploads\/2025\/02\/website.png\"},{\"@type\":\"BreadcrumbList\",\"@id\":\"https:\/\/seamakes.com\/zh\/services\/#breadcrumb\",\"itemListElement\":[{\"@type\":\"ListItem\",\"position\":1,\"name\":\"\u9996\u9875\",\"item\":\"https:\/\/seamakes.com\/\"},{\"@type\":\"ListItem\",\"position\":2,\"name\":\"Services\"}]},{\"@type\":\"WebSite\",\"@id\":\"https:\/\/honeydew-rook-322833.hostingersite.com\/#website\",\"url\":\"https:\/\/honeydew-rook-322833.hostingersite.com\/\",\"name\":\"SEAMKAES\",\"description\":\"Website Development,Standalone Website,DTC Website,SEO\",\"publisher\":{\"@id\":\"https:\/\/honeydew-rook-322833.hostingersite.com\/#organization\"},\"alternateName\":\"SEAMKAES\",\"potentialAction\":[{\"@type\":\"SearchAction\",\"target\":{\"@type\":\"EntryPoint\",\"urlTemplate\":\"https:\/\/honeydew-rook-322833.hostingersite.com\/?s={search_term_string}\"},\"query-input\":{\"@type\":\"PropertyValueSpecification\",\"valueRequired\":true,\"valueName\":\"search_term_string\"}}],\"inLanguage\":\"vi\"},{\"@type\":\"Organization\",\"@id\":\"https:\/\/honeydew-rook-322833.hostingersite.com\/#organization\",\"name\":\"SEAMAKES\",\"alternateName\":\"SEAMAKES\",\"url\":\"https:\/\/honeydew-rook-322833.hostingersite.com\/\",\"logo\":{\"@type\":\"ImageObject\",\"inLanguage\":\"vi\",\"@id\":\"https:\/\/honeydew-rook-322833.hostingersite.com\/#\/schema\/logo\/image\/\",\"url\":\"https:\/\/seamakes.com\/wp-content\/uploads\/2025\/02\/seamakes-logo.svg\",\"contentUrl\":\"https:\/\/seamakes.com\/wp-content\/uploads\/2025\/02\/seamakes-logo.svg\",\"width\":1,\"height\":1,\"caption\":\"SEAMAKES\"},\"image\":{\"@id\":\"https:\/\/honeydew-rook-322833.hostingersite.com\/#\/schema\/logo\/image\/\"},\"sameAs\":[\"https:\/\/www.facebook.com\/profile.php?id=61565067551641\"]}]}<\/script>\n<!-- \/ Yoast SEO plugin. -->","yoast_head_json":{"title":"Services - SEAMAKES \uff5cWebsite Development,Standalone Website,DTC Website,SEO","description":"Website Development, Independent site, Foreign trade Website, SEO, Google and Facebook Ads services to help you easily acquire customer orders.","robots":{"index":"index","follow":"follow","max-snippet":"max-snippet:-1","max-image-preview":"max-image-preview:large","max-video-preview":"max-video-preview:-1"},"canonical":"https:\/\/seamakes.com\/vn\/services\/","og_locale":"vi_VN","og_type":"article","og_title":"Services - SEAMAKES \uff5cWebsite Development,Standalone Website,DTC Website,SEO","og_description":"Website Development, Independent site, Foreign trade Website, SEO, Google and Facebook Ads services to help you easily acquire customer orders.","og_url":"https:\/\/seamakes.com\/vn\/services\/","og_site_name":"SEAMAKES","article_publisher":"https:\/\/www.facebook.com\/profile.php?id=61565067551641","article_modified_time":"2025-06-18T05:15:42+00:00","og_image":[{"url":"https:\/\/seamakes.com\/wp-content\/uploads\/2025\/02\/website.png","type":"","width":"","height":""}],"twitter_card":"summary_large_image","twitter_misc":{"\u01af\u1edbc t\u00ednh th\u1eddi gian \u0111\u1ecdc":"3 ph\u00fat"},"schema":{"@context":"https:\/\/schema.org","@graph":[{"@type":"WebPage","@id":"https:\/\/seamakes.com\/zh\/services\/","url":"https:\/\/seamakes.com\/zh\/services\/","name":"Services - SEAMAKES \uff5cWebsite Development,Standalone Website,DTC Website,SEO","isPartOf":{"@id":"https:\/\/honeydew-rook-322833.hostingersite.com\/#website"},"primaryImageOfPage":{"@id":"https:\/\/seamakes.com\/zh\/services\/#primaryimage"},"image":{"@id":"https:\/\/seamakes.com\/zh\/services\/#primaryimage"},"thumbnailUrl":"https:\/\/seamakes.com\/wp-content\/uploads\/2025\/02\/website.png","datePublished":"2025-02-17T15:23:49+00:00","dateModified":"2025-06-18T05:15:42+00:00","description":"Website Development, Independent site, Foreign trade Website, SEO, Google and Facebook Ads services to help you easily acquire customer orders.","breadcrumb":{"@id":"https:\/\/seamakes.com\/zh\/services\/#breadcrumb"},"inLanguage":"vi","potentialAction":[{"@type":"ReadAction","target":["https:\/\/seamakes.com\/zh\/services\/"]}]},{"@type":"ImageObject","inLanguage":"vi","@id":"https:\/\/seamakes.com\/zh\/services\/#primaryimage","url":"https:\/\/seamakes.com\/wp-content\/uploads\/2025\/02\/website.png","contentUrl":"https:\/\/seamakes.com\/wp-content\/uploads\/2025\/02\/website.png"},{"@type":"BreadcrumbList","@id":"https:\/\/seamakes.com\/zh\/services\/#breadcrumb","itemListElement":[{"@type":"ListItem","position":1,"name":"\u9996\u9875","item":"https:\/\/seamakes.com\/"},{"@type":"ListItem","position":2,"name":"Services"}]},{"@type":"WebSite","@id":"https:\/\/honeydew-rook-322833.hostingersite.com\/#website","url":"https:\/\/honeydew-rook-322833.hostingersite.com\/","name":"SEAMKAES","description":"Website Development,Standalone Website,DTC Website,SEO","publisher":{"@id":"https:\/\/honeydew-rook-322833.hostingersite.com\/#organization"},"alternateName":"SEAMKAES","potentialAction":[{"@type":"SearchAction","target":{"@type":"EntryPoint","urlTemplate":"https:\/\/honeydew-rook-322833.hostingersite.com\/?s={search_term_string}"},"query-input":{"@type":"PropertyValueSpecification","valueRequired":true,"valueName":"search_term_string"}}],"inLanguage":"vi"},{"@type":"Organization","@id":"https:\/\/honeydew-rook-322833.hostingersite.com\/#organization","name":"SEAMAKES","alternateName":"SEAMAKES","url":"https:\/\/honeydew-rook-322833.hostingersite.com\/","logo":{"@type":"ImageObject","inLanguage":"vi","@id":"https:\/\/honeydew-rook-322833.hostingersite.com\/#\/schema\/logo\/image\/","url":"https:\/\/seamakes.com\/wp-content\/uploads\/2025\/02\/seamakes-logo.svg","contentUrl":"https:\/\/seamakes.com\/wp-content\/uploads\/2025\/02\/seamakes-logo.svg","width":1,"height":1,"caption":"SEAMAKES"},"image":{"@id":"https:\/\/honeydew-rook-322833.hostingersite.com\/#\/schema\/logo\/image\/"},"sameAs":["https:\/\/www.facebook.com\/profile.php?id=61565067551641"]}]}},"uagb_featured_image_src":{"full":false,"thumbnail":false,"medium":false,"medium_large":false,"large":false,"1536x1536":false,"2048x2048":false,"trp-custom-language-flag":false},"uagb_author_info":{"display_name":"seamakes","author_link":"https:\/\/seamakes.com\/vn\/author\/seamakes\/"},"uagb_comment_info":0,"uagb_excerpt":"Services We Provide Website Development, Independent site, Foreign trade Website, SEO, Google and Facebook Ads services to help you easily acquire customer orders. How Can We Help You?\u200b","_links":{"self":[{"href":"https:\/\/seamakes.com\/vn\/wp-json\/wp\/v2\/pages\/361","targetHints":{"allow":["GET"]}}],"collection":[{"href":"https:\/\/seamakes.com\/vn\/wp-json\/wp\/v2\/pages"}],"about":[{"href":"https:\/\/seamakes.com\/vn\/wp-json\/wp\/v2\/types\/page"}],"author":[{"embeddable":true,"href":"https:\/\/seamakes.com\/vn\/wp-json\/wp\/v2\/users\/1"}],"replies":[{"embeddable":true,"href":"https:\/\/seamakes.com\/vn\/wp-json\/wp\/v2\/comments?post=361"}],"version-history":[{"count":19,"href":"https:\/\/seamakes.com\/vn\/wp-json\/wp\/v2\/pages\/361\/revisions"}],"predecessor-version":[{"id":1467,"href":"https:\/\/seamakes.com\/vn\/wp-json\/wp\/v2\/pages\/361\/revisions\/1467"}],"wp:attachment":[{"href":"https:\/\/seamakes.com\/vn\/wp-json\/wp\/v2\/media?parent=361"}],"curies":[{"name":"wp","href":"https:\/\/api.w.org\/{rel}","templated":true}]}}